{"id":2988,"date":"2024-02-03T13:49:50","date_gmt":"2024-02-03T13:49:50","guid":{"rendered":"https:\/\/integrativa.pt\/?page_id=2988"},"modified":"2026-04-09T22:02:51","modified_gmt":"2026-04-09T22:02:51","slug":"physiotherapist-alexandra-gomes","status":"publish","type":"page","link":"https:\/\/integrativa.pt\/en\/fisioterapeuta-alexandra-gomes\/","title":{"rendered":"Physiotherapist Alexandra Gomes de Brand\u00e3o"},"content":{"rendered":"<div class=\"wpb-content-wrapper\"><div class=\"vc_row wpb_row vc_row-fluid\"><div class=\"wpb_column vc_column_container vc_col-sm-12\"><div class=\"vc_column-inner\"><div class=\"wpb_wrapper\">\n\t<div class=\"wpb_text_column wpb_content_element\" >\n\t\t<div class=\"wpb_wrapper\">\n\t\t\t<p>of<\/p>\n\n\t\t<\/div>\n\t<\/div>\n<\/div><\/div><\/div><\/div><div data-vc-parallax=\"1.5\" class=\"vc_row wpb_row vc_row-fluid vc_row-has-fill vc_column-gap-25 vc_rtl-columns-reverse vc_row-o-equal-height vc_row-o-content-top vc_row-flex vc_general vc_parallax vc_parallax-content-moving\"><div class=\"wpb_column vc_column_container vc_col-sm-12\"><div class=\"vc_column-inner\"><div class=\"wpb_wrapper\"><div id=\"ultimate-heading-318269e23c6a0cee7\" class=\"uvc-heading ult-adjust-bottom-margin ultimate-heading-318269e23c6a0cee7 uvc-6962  uvc-heading-default-font-sizes\" data-hspacer=\"no_spacer\"  data-halign=\"left\" style=\"text-align:left\"><div class=\"uvc-heading-spacer no_spacer\" style=\"top\"><\/div><div class=\"uvc-main-heading ult-responsive\"  data-ultimate-target='.uvc-heading.ultimate-heading-318269e23c6a0cee7 h1'  data-responsive-json-new='{\"font-size\":\"\",\"line-height\":\"\"}' ><h1 style=\"--font-weight:theme;color:#1b9193;\">Alexandra Gomes de Brand\u00e3o<\/h1><\/div><div class=\"uvc-sub-heading ult-responsive\"  data-ultimate-target='.uvc-heading.ultimate-heading-318269e23c6a0cee7 .uvc-sub-heading '  data-responsive-json-new='{\"font-size\":\"\",\"line-height\":\"\"}'  style=\"font-weight:normal;\"><\/p>\n<h2>Physiotherapist<\/h2>\n<p><\/div><\/div><\/div><\/div><\/div><\/div><!-- Row Backgrounds --><div data-vc-parallax=\"1.5\" class=\"vc_row wpb_row vc_row-fluid vc_row-has-fill vc_column-gap-25 vc_rtl-columns-reverse vc_row-o-equal-height vc_row-o-content-top vc_row-flex vc_general vc_parallax vc_parallax-content-moving\"><div class=\"wpb_column vc_column_container vc_col-sm-12\"><div class=\"vc_column-inner\"><div class=\"wpb_wrapper\"><\/div><\/div><\/div><div class=\"wpb_column vc_column_container vc_col-sm-4\"><div class=\"vc_column-inner\"><div class=\"wpb_wrapper\">\n\t<div  class=\"wpb_single_image wpb_content_element vc_align_center  vc_custom_1760949749219\">\n\t\t\n\t\t<figure class=\"wpb_wrapper vc_figure\">\n\t\t\t<div class=\"vc_single_image-wrapper   vc_box_border_grey\"><img loading=\"lazy\" decoding=\"async\" width=\"1024\" height=\"1024\" src=\"https:\/\/integrativa.pt\/wp-content\/uploads\/2025\/09\/Alexandra-1024x1024.png\" class=\"vc_single_image-img attachment-large\" alt=\"\" title=\"Alexandra\" srcset=\"https:\/\/integrativa.pt\/wp-content\/uploads\/2025\/09\/Alexandra-1024x1024.png 1024w, https:\/\/integrativa.pt\/wp-content\/uploads\/2025\/09\/Alexandra-300x300.png 300w, https:\/\/integrativa.pt\/wp-content\/uploads\/2025\/09\/Alexandra-150x150.png 150w, https:\/\/integrativa.pt\/wp-content\/uploads\/2025\/09\/Alexandra-768x768.png 768w, https:\/\/integrativa.pt\/wp-content\/uploads\/2025\/09\/Alexandra.png 1512w\" sizes=\"auto, (max-width: 1024px) 100vw, 1024px\"  data-dt-location=\"https:\/\/integrativa.pt\/en\/equipa-integrativa\/alexandra\/\" \/><\/div>\n\t\t<\/figure>\n\t<\/div>\n<div class=\"vc_separator wpb_content_element vc_separator_align_center vc_sep_width_100 vc_sep_pos_align_center wpb_content_element vc_separator-has-text\" ><span class=\"vc_sep_holder vc_sep_holder_l\"><span style=\"border-color:#233d7f;\" class=\"vc_sep_line\"><\/span><\/span><h4>Alexandra Gomes de Brand\u00e3o<\/h4><span class=\"vc_sep_holder vc_sep_holder_r\"><span style=\"border-color:#233d7f;\" class=\"vc_sep_line\"><\/span><\/span>\n<\/div>\n\t<div class=\"wpb_text_column wpb_content_element\" >\n\t\t<div class=\"wpb_wrapper\">\n\t\t\t<p style=\"text-align: center;\"><a href=\"https:\/\/integrativa.pt\/en\/specialities\/physiotherapy\/\"><span style=\"color: #000000;\">Physiotherapist<\/span><\/a><\/p>\n\n\t\t<\/div>\n\t<\/div>\n<\/div><\/div><\/div><div class=\"wpb_column vc_column_container vc_col-sm-8\"><div class=\"vc_column-inner\"><div class=\"wpb_wrapper\">\n\t<div class=\"wpb_text_column wpb_content_element\" >\n\t\t<div class=\"wpb_wrapper\">\n\t\t\t<p data-start=\"657\" data-end=\"858\">Alexandra Gomes is a physiotherapist with a degree from the Lisbon School of Health Technology, dedicated to functional recovery and the promotion of balanced and conscious health.<\/p>\n<p data-start=\"860\" data-end=\"1323\">Driven by scientific curiosity and a genuine desire to understand the human body in depth, she specialised in Neuromuscular Physiotherapy through a postgraduate course at the Portuguese Red Cross School of Health. Throughout her career, she has dedicated herself to the treatment and rehabilitation of neuromuscular diseases such as stroke, Parkinson's, Multiple Sclerosis and Facial Paralysis, becoming a reference in this area in Portugal.<\/p>\n<p data-start=\"1325\" data-end=\"1632\">In 2020, she joined Facial Therapy Specialists International (FTSI) and the Facial Paralysis Unit at CUF Tejo Hospital, pioneering the development of specialised physiotherapy protocols for Facial Paralysis - an area in which she continues to innovate and train other professionals. She is currently continuing this work at Integrativa, where she is deepening her clinical and human approach to accompanying people with nervous system dysfunctions.<\/p>\n<p data-start=\"1634\" data-end=\"2087\">With a global and integrative vision, Alexandra Gomes is also a Clinical Pilates Instructor, certified by the Australian Physiotherapy and Pilates Institute (APPI). She complements her practice with training in Women's Health Physiotherapy, Pelvic Floor Rehabilitation, Prepartum Preparation and Postpartum Follow-up, supporting women at different stages of life with sensitivity, empathy and scientific rigour.<\/p>\n<p data-start=\"2089\" data-end=\"2322\">At Integrativa, Alexandra combines technical knowledge, clinical experience and empathetic listening, offering individualised and effective support, centred on the person and their functional balance and overall well-being.<\/p>\n<p>&nbsp;<\/p>\n<p><em>*Physiotherapist holding a Professional License issued by the Professional Association of Physiotherapists.<\/em><\/p>\n\n\t\t<\/div>\n\t<\/div>\n<\/div><\/div><\/div><div class=\"wpb_column vc_column_container vc_col-sm-4\"><div class=\"vc_column-inner\"><div class=\"wpb_wrapper\"><\/div><\/div><\/div><div class=\"wpb_column vc_column_container vc_col-sm-8\"><div class=\"vc_column-inner\"><div class=\"wpb_wrapper\"><div class=\"vc_separator wpb_content_element vc_separator_align_left vc_sep_width_100 vc_sep_pos_align_center vc_custom_1679428149027 wpb_content_element vc_separator-has-text\" ><span class=\"vc_sep_holder vc_sep_holder_l\"><span style=\"border-color:#1b9193;\" class=\"vc_sep_line\"><\/span><\/span><div class=\"vc_icon_element vc_icon_element-outer vc_do_icon vc_icon_element-align-left\"><div class=\"vc_icon_element-inner vc_icon_element-color-custom vc_icon_element-size-md vc_icon_element-style- vc_icon_element-background-color-grey\" ><span class=\"vc_icon_element-icon fas fa-feather\" style=\"color:#1b9193 !important\"><\/span><\/div><\/div><h4>Curriculum<\/h4><span class=\"vc_sep_holder vc_sep_holder_r\"><span style=\"border-color:#1b9193;\" class=\"vc_sep_line\"><\/span><\/span>\n<\/div><div  class=\"vc_do_toggle vc_toggle vc_toggle_default vc_toggle_color_default  vc_toggle_size_md\"><div class=\"vc_toggle_title\"><h4>Academic Training<\/h4><i class=\"vc_toggle_icon\"><\/i><\/div><div class=\"vc_toggle_content\"><ul>\n<li>Degree in Physiotherapy<span style=\"color: #000000;\">from <a style=\"color: #000000;\" href=\"https:\/\/www.estesl.ipl.pt\/cursos\/licenciaturas\/fisioterapia\" target=\"_blank\" rel=\"noopener\">Lisbon School of Health Technologies<\/a><br \/>\n<\/span><\/li>\n<li><span style=\"color: #000000;\">Postgraduate in Neuromuscular Physiotherapy from the Lisbon School of Health Technology<br \/>\n<\/span><\/li>\n<\/ul>\n<\/div><\/div><div  class=\"vc_do_toggle vc_toggle vc_toggle_default vc_toggle_color_default  vc_toggle_size_md\"><div class=\"vc_toggle_title\"><h4>Further training<\/h4><i class=\"vc_toggle_icon\"><\/i><\/div><div class=\"vc_toggle_content\"><ul>\n<li>2024: Training in physiotherapy applied to the pelvic floor<\/li>\n<li>2023: Participation in <em>6<sup>th<\/sup> International Course an Update on Facial Paralysis<\/em> (Madrid)<\/li>\n<li>2020: Physiotherapy Training in the Treatment and Rehabilitation of Facial Paralysis<\/li>\n<li>2022: Training in antepartum preparation and postpartum follow-up with Maria Jo\u00e3o Alvito<\/li>\n<li>2019: Clinical Pilates training by APPI (Australian Physiotherapy and Pilates Institute)<\/li>\n<\/ul>\n<\/div><\/div><div  class=\"vc_do_toggle vc_toggle vc_toggle_default vc_toggle_color_default  vc_toggle_size_md\"><div class=\"vc_toggle_title\"><h4>Most relevant professional experience<\/h4><i class=\"vc_toggle_icon\"><\/i><\/div><div class=\"vc_toggle_content\"><ul>\n<li>Pioneer in the development of Physiotherapy in the Treatment and Rehabilitation of Facial Paralysis in Portugal<\/li>\n<li>2021-Present: Physiotherapist at Integrativa<\/li>\n<li>2020-2024: Physiotherapist at the Cuf Tejo Facial Paralysis Unit<\/li>\n<li>2019-2024 Physiotherapist at Cuf Infante Santo\/Tejo Hospital<\/li>\n<li>2016-2017 Physiotherapist at Linde Health Respiratory Rehabilitation Centre<\/li>\n<\/ul>\n<\/div><\/div><\/div><\/div><\/div><\/div><!-- Row Backgrounds --><div class=\"vc_row wpb_row vc_row-fluid\"><div class=\"wpb_column vc_column_container vc_col-sm-12\"><div class=\"vc_column-inner\"><div class=\"wpb_wrapper\"><\/div><\/div><\/div><\/div>\n<\/div>","protected":false},"excerpt":{"rendered":"<p>de B Alexandra Gomes de Brand\u00e3o Fisioterapeuta Alexandra Gomes de Brand\u00e3o Fisioterapeuta Alexandra Gomes \u00e9 Fisioterapeuta licenciada pela Escola Superior de Tecnologia da Sa\u00fade de Lisboa, dedicada \u00e0 recupera\u00e7\u00e3o funcional e \u00e0 promo\u00e7\u00e3o de uma sa\u00fade equilibrada e consciente. Movida pela curiosidade cient\u00edfica e pelo desejo genu\u00edno de compreender o corpo humano em profundidade, especializou-se&hellip;<\/p>","protected":false},"author":1,"featured_media":2131,"parent":0,"menu_order":1,"comment_status":"closed","ping_status":"closed","template":"","meta":{"inline_featured_image":false,"footnotes":""},"class_list":["post-2988","page","type-page","status-publish","has-post-thumbnail","hentry","description-off"],"_links":{"self":[{"href":"https:\/\/integrativa.pt\/en\/wp-json\/wp\/v2\/pages\/2988","targetHints":{"allow":["GET"]}}],"collection":[{"href":"https:\/\/integrativa.pt\/en\/wp-json\/wp\/v2\/pages"}],"about":[{"href":"https:\/\/integrativa.pt\/en\/wp-json\/wp\/v2\/types\/page"}],"author":[{"embeddable":true,"href":"https:\/\/integrativa.pt\/en\/wp-json\/wp\/v2\/users\/1"}],"replies":[{"embeddable":true,"href":"https:\/\/integrativa.pt\/en\/wp-json\/wp\/v2\/comments?post=2988"}],"version-history":[{"count":0,"href":"https:\/\/integrativa.pt\/en\/wp-json\/wp\/v2\/pages\/2988\/revisions"}],"wp:featuredmedia":[{"embeddable":true,"href":"https:\/\/integrativa.pt\/en\/wp-json\/wp\/v2\/media\/2131"}],"wp:attachment":[{"href":"https:\/\/integrativa.pt\/en\/wp-json\/wp\/v2\/media?parent=2988"}],"curies":[{"name":"wp","href":"https:\/\/api.w.org\/{rel}","templated":true}]}}