{"id":7098,"date":"2026-03-28T19:52:36","date_gmt":"2026-03-28T19:52:36","guid":{"rendered":"https:\/\/integrativa.pt\/?page_id=7098"},"modified":"2026-03-28T19:53:02","modified_gmt":"2026-03-28T19:53:02","slug":"psychologist-filipa-braga-da-costa","status":"publish","type":"page","link":"https:\/\/integrativa.pt\/en\/psicologa-filipa-braga-da-costa\/","title":{"rendered":"Psychologist Filipa Braga da Costa"},"content":{"rendered":"<div class=\"wpb-content-wrapper\"><div data-vc-parallax=\"1.5\" class=\"vc_row wpb_row vc_row-fluid vc_row-has-fill vc_column-gap-25 vc_rtl-columns-reverse vc_row-o-equal-height vc_row-o-content-top vc_row-flex vc_general vc_parallax vc_parallax-content-moving\"><div class=\"wpb_column vc_column_container vc_col-sm-12\"><div class=\"vc_column-inner\"><div class=\"wpb_wrapper\"><div id=\"ultimate-heading-988869e6343077d90\" class=\"uvc-heading ult-adjust-bottom-margin ultimate-heading-988869e6343077d90 uvc-5086  uvc-heading-default-font-sizes\" data-hspacer=\"no_spacer\"  data-halign=\"left\" style=\"text-align:left\"><div class=\"uvc-heading-spacer no_spacer\" style=\"top\"><\/div><div class=\"uvc-main-heading ult-responsive\"  data-ultimate-target='.uvc-heading.ultimate-heading-988869e6343077d90 h1'  data-responsive-json-new='{\"font-size\":\"\",\"line-height\":\"\"}' ><h1 style=\"--font-weight:theme;color:#1b9193;\">Filipa Braga da Costa<\/h1><\/div><div class=\"uvc-sub-heading ult-responsive\"  data-ultimate-target='.uvc-heading.ultimate-heading-988869e6343077d90 .uvc-sub-heading '  data-responsive-json-new='{\"font-size\":\"\",\"line-height\":\"\"}'  style=\"font-weight:normal;\"><\/p>\n<h2>Psychologist<\/h2>\n<p><\/div><\/div><\/div><\/div><\/div><\/div><!-- Row Backgrounds --><div data-vc-parallax=\"1.5\" class=\"vc_row wpb_row vc_row-fluid vc_row-has-fill vc_column-gap-25 vc_rtl-columns-reverse vc_row-o-equal-height vc_row-o-content-top vc_row-flex vc_general vc_parallax vc_parallax-content-moving\"><div class=\"wpb_column vc_column_container vc_col-sm-12\"><div class=\"vc_column-inner\"><div class=\"wpb_wrapper\"><\/div><\/div><\/div><div class=\"wpb_column vc_column_container vc_col-sm-4\"><div class=\"vc_column-inner\"><div class=\"wpb_wrapper\">\n\t<div  class=\"wpb_single_image wpb_content_element vc_align_center\">\n\t\t\n\t\t<figure class=\"wpb_wrapper vc_figure\">\n\t\t\t<div class=\"vc_single_image-wrapper   vc_box_border_grey\"><img loading=\"lazy\" decoding=\"async\" width=\"300\" height=\"300\" src=\"https:\/\/integrativa.pt\/wp-content\/uploads\/2026\/02\/David-Osteopa-300x300.avif\" class=\"vc_single_image-img attachment-medium\" alt=\"\" title=\"David Osteopa\" srcset=\"https:\/\/integrativa.pt\/wp-content\/uploads\/2026\/02\/David-Osteopa-300x300.avif 300w, https:\/\/integrativa.pt\/wp-content\/uploads\/2026\/02\/David-Osteopa-1024x1024.avif 1024w, https:\/\/integrativa.pt\/wp-content\/uploads\/2026\/02\/David-Osteopa-150x150.avif 150w, https:\/\/integrativa.pt\/wp-content\/uploads\/2026\/02\/David-Osteopa-768x768.avif 768w, https:\/\/integrativa.pt\/wp-content\/uploads\/2026\/02\/David-Osteopa-12x12.avif 12w, https:\/\/integrativa.pt\/wp-content\/uploads\/2026\/02\/David-Osteopa.avif 1512w\" sizes=\"auto, (max-width: 300px) 100vw, 300px\"  data-dt-location=\"https:\/\/integrativa.pt\/en\/equipa-integrativa\/david-osteopa\/\" \/><\/div>\n\t\t<\/figure>\n\t<\/div>\n<div class=\"vc_separator wpb_content_element vc_separator_align_center vc_sep_width_100 vc_sep_pos_align_center wpb_content_element vc_separator-has-text\" ><span class=\"vc_sep_holder vc_sep_holder_l\"><span style=\"border-color:#233d7f;\" class=\"vc_sep_line\"><\/span><\/span><h4>Filipa Braga da Costa<\/h4><span class=\"vc_sep_holder vc_sep_holder_r\"><span style=\"border-color:#233d7f;\" class=\"vc_sep_line\"><\/span><\/span>\n<\/div>\n\t<div class=\"wpb_text_column wpb_content_element\" >\n\t\t<div class=\"wpb_wrapper\">\n\t\t\t<p style=\"text-align: center;\"><span style=\"color: #000000;\">Psychologist<\/span><\/p>\n\n\t\t<\/div>\n\t<\/div>\n<\/div><\/div><\/div><div class=\"wpb_column vc_column_container vc_col-sm-8\"><div class=\"vc_column-inner\"><div class=\"wpb_wrapper\">\n\t<div class=\"wpb_text_column wpb_content_element\" >\n\t\t<div class=\"wpb_wrapper\">\n\t\t\t<p data-start=\"76\" data-end=\"344\">Filipa Braga da Costa graduated in Clinical and Counselling Psychology from the Lus\u00f3fona University of Humanities and Technologies in 2004, dedicating herself early on to the area of clinical psychopathology, with experience in a hospital setting and private practice since 2005.<\/p>\n<p data-start=\"346\" data-end=\"594\">With the aim of deepening their clinical practice, they completed postgraduate studies in Child and Adolescent Psychotherapy and obtained advanced specialisation in Cognitive Behavioural Therapies, areas in which they have been developing their practice.<\/p>\n<p data-start=\"596\" data-end=\"811\">Since 2010, they have worked in the assessment and retraining of children and young people with Specific Learning Difficulties in a school setting, individually monitoring their academic and emotional development.<\/p>\n<p data-start=\"813\" data-end=\"1178\">In 2015, he\/she created the vocational guidance programme \u201cMy Project,\u201d aimed at young people from the 9th year of schooling through to higher education. In this context, he\/she views vocational guidance as a process of discovery and self-knowledge, with the aim of clarifying interests, supporting decision-making, and promoting informed and conscious academic and professional choices.<\/p>\n<p data-start=\"1180\" data-end=\"1398\" data-is-last-node=\"\" data-is-only-node=\"\">Currently, you maintain your clinical practice with a person-centred approach, integrating technical knowledge and professional experience, with the aim of promoting psychological well-being and personal development.<\/p>\n<p>&nbsp;<\/p>\n<p><em>Psychologist with Professional Licence awarded by the Order of Psychologists<\/em><\/p>\n\n\t\t<\/div>\n\t<\/div>\n<\/div><\/div><\/div><div class=\"wpb_column vc_column_container vc_col-sm-4\"><div class=\"vc_column-inner\"><div class=\"wpb_wrapper\"><\/div><\/div><\/div><div class=\"wpb_column vc_column_container vc_col-sm-8\"><div class=\"vc_column-inner\"><div class=\"wpb_wrapper\"><div class=\"vc_separator wpb_content_element vc_separator_align_left vc_sep_width_100 vc_sep_pos_align_center vc_custom_1679428149027 wpb_content_element vc_separator-has-text\" ><span class=\"vc_sep_holder vc_sep_holder_l\"><span style=\"border-color:#1b9193;\" class=\"vc_sep_line\"><\/span><\/span><div class=\"vc_icon_element vc_icon_element-outer vc_do_icon vc_icon_element-align-left\"><div class=\"vc_icon_element-inner vc_icon_element-color-custom vc_icon_element-size-md vc_icon_element-style- vc_icon_element-background-color-grey\" ><span class=\"vc_icon_element-icon fas fa-feather\" style=\"color:#1b9193 !important\"><\/span><\/div><\/div><h4>Curriculum<\/h4><span class=\"vc_sep_holder vc_sep_holder_r\"><span style=\"border-color:#1b9193;\" class=\"vc_sep_line\"><\/span><\/span>\n<\/div><div  class=\"vc_do_toggle vc_toggle vc_toggle_default vc_toggle_color_default  vc_toggle_size_md\"><div class=\"vc_toggle_title\"><h4>Academic Training<\/h4><i class=\"vc_toggle_icon\"><\/i><\/div><div class=\"vc_toggle_content\"><p data-pm-slice=\"1 1 &#091;&#093;\">-Degree in Clinical and Counselling Psychology \u2013 Lus\u00f3fona University of Humanities and Technologies (2004)<\/p>\n<p>Postgraduate in Child and Adolescent Psychotherapy<\/p>\n<p>-Advanced Specialisation in Cognitive-Behavioural Therapies<\/p>\n<p>-Assessment and re-education of Specific Learning Difficulties<\/p>\n<p>- Vocational guidance (\u201cMy Project\u201d programme)<\/p>\n<\/div><\/div><\/div><\/div><\/div><\/div><!-- Row Backgrounds --><div class=\"vc_row wpb_row vc_row-fluid\"><div class=\"wpb_column vc_column_container vc_col-sm-12\"><div class=\"vc_column-inner\"><div class=\"wpb_wrapper\"><\/div><\/div><\/div><\/div>\n<\/div>","protected":false},"excerpt":{"rendered":"<p>Filipa Braga da Costa Psic\u00f3loga Filipa Braga da Costa Psic\u00f3loga Filipa Braga da Costa licenciou-se em Psicologia Cl\u00ednica e do Aconselhamento pela Universidade Lus\u00f3fona de Humanidades e Tecnologias em 2004, dedicando-se desde cedo \u00e0 \u00e1rea da psicopatologia cl\u00ednica, com experi\u00eancia em contexto hospitalar e pr\u00e1tica privada desde 2005. Com o objetivo de aprofundar a sua&hellip;<\/p>","protected":false},"author":1,"featured_media":0,"parent":0,"menu_order":1,"comment_status":"closed","ping_status":"closed","template":"","meta":{"inline_featured_image":false,"footnotes":""},"class_list":["post-7098","page","type-page","status-publish","hentry","description-off"],"_links":{"self":[{"href":"https:\/\/integrativa.pt\/en\/wp-json\/wp\/v2\/pages\/7098","targetHints":{"allow":["GET"]}}],"collection":[{"href":"https:\/\/integrativa.pt\/en\/wp-json\/wp\/v2\/pages"}],"about":[{"href":"https:\/\/integrativa.pt\/en\/wp-json\/wp\/v2\/types\/page"}],"author":[{"embeddable":true,"href":"https:\/\/integrativa.pt\/en\/wp-json\/wp\/v2\/users\/1"}],"replies":[{"embeddable":true,"href":"https:\/\/integrativa.pt\/en\/wp-json\/wp\/v2\/comments?post=7098"}],"version-history":[{"count":0,"href":"https:\/\/integrativa.pt\/en\/wp-json\/wp\/v2\/pages\/7098\/revisions"}],"wp:attachment":[{"href":"https:\/\/integrativa.pt\/en\/wp-json\/wp\/v2\/media?parent=7098"}],"curies":[{"name":"wp","href":"https:\/\/api.w.org\/{rel}","templated":true}]}}